{"id":22,"date":"2019-11-13T08:09:21","date_gmt":"2019-11-13T08:09:21","guid":{"rendered":"http:\/\/ironworkx.de\/?page_id=22"},"modified":"2025-08-06T09:50:04","modified_gmt":"2025-08-06T09:50:04","slug":"ueber-uns","status":"publish","type":"page","link":"http:\/\/ironworkx.de\/?page_id=22","title":{"rendered":"\u00dcber Uns"},"content":{"rendered":"\n<div class=\"wp-block-columns is-layout-flex wp-container-core-columns-is-layout-9d6595d7 wp-block-columns-is-layout-flex\">\n<div class=\"wp-block-column is-layout-flow wp-block-column-is-layout-flow\" style=\"flex-basis:33.33%\">\n<pre class=\"wp-block-verse\">IRONworkX gibt es seit 2010. Anfangs nur die Quality Solutions Dienstleistungen, dann nebenbei das Hobby Mountainbiken als Gesch\u00e4ft dazu genommen. Online Shop und Social Media f\u00fchrten zu einem interessanten<br>Ausflug in den traditionellen<br>Fahrradhandel in<br>Heuchelheim. Jetzt besinnen wir<br>uns wieder auf die Wurzeln<br>von IRONworkX.<br>Die Dienstleistung, vorwiegend im Medizintechnischen Bereich.<br>Daneben bieten wir weitrhin<br>individuelle, oft nicht dem<br>Mainstream folgende,<br>Beratung und Verkauf von<br>Mountainbikes und Zubeh\u00f6r.<br>Service f\u00fcr R\u00e4der aller<br>Marken zu fairen<br>Konditionen.<br>Wir lehren in Fahrtechnikkursen, <br>wie das Ger\u00e4t zu handhaben<br>ist und versuchen den Spirit<br>des Mountainbikens mit<br>Ausfahrten zu transportieren. <\/pre>\n<\/div>\n\n\n\n<div class=\"wp-block-column is-layout-flow wp-block-column-is-layout-flow\" style=\"flex-basis:66.66%\">\n<figure class=\"wp-block-gallery has-nested-images columns-default is-cropped wp-block-gallery-1 is-layout-flex wp-block-gallery-is-layout-flex\">\n<figure class=\"wp-block-image size-large\"><img loading=\"lazy\" decoding=\"async\" width=\"800\" height=\"533\" data-id=\"55\" src=\"https:\/\/ironworkx.de\/wp-content\/uploads\/2019\/11\/Fabian_fisheye.jpg\" alt=\"\" class=\"wp-image-55\" srcset=\"http:\/\/ironworkx.de\/wp-content\/uploads\/2019\/11\/Fabian_fisheye.jpg 800w, http:\/\/ironworkx.de\/wp-content\/uploads\/2019\/11\/Fabian_fisheye-300x200.jpg 300w, http:\/\/ironworkx.de\/wp-content\/uploads\/2019\/11\/Fabian_fisheye-768x512.jpg 768w\" sizes=\"auto, (max-width: 800px) 100vw, 800px\" \/><figcaption class=\"wp-element-caption\">Fabian<\/figcaption><\/figure>\n\n\n\n<figure class=\"wp-block-image size-large\"><img loading=\"lazy\" decoding=\"async\" width=\"683\" height=\"1024\" data-id=\"56\" src=\"https:\/\/ironworkx.de\/wp-content\/uploads\/2019\/11\/Baerbel_fisheye-683x1024.jpg\" alt=\"\" class=\"wp-image-56\" srcset=\"http:\/\/ironworkx.de\/wp-content\/uploads\/2019\/11\/Baerbel_fisheye-683x1024.jpg 683w, http:\/\/ironworkx.de\/wp-content\/uploads\/2019\/11\/Baerbel_fisheye-200x300.jpg 200w, http:\/\/ironworkx.de\/wp-content\/uploads\/2019\/11\/Baerbel_fisheye-768x1152.jpg 768w, http:\/\/ironworkx.de\/wp-content\/uploads\/2019\/11\/Baerbel_fisheye.jpg 800w\" sizes=\"auto, (max-width: 683px) 100vw, 683px\" \/><figcaption class=\"wp-element-caption\">B\u00e4rbel<\/figcaption><\/figure>\n<\/figure>\n<\/div>\n<\/div>\n","protected":false},"excerpt":{"rendered":"<p>IRONworkX gibt es seit 2010. Anfangs nur die Quality Solutions Dienstleistungen, dann nebenbei das Hobby Mountainbiken als Gesch\u00e4ft dazu genommen. Online Shop und Social Media f\u00fchrten zu einem interessantenAusflug in den traditionellenFahrradhandel inHeuchelheim. Jetzt besinnen wiruns wieder auf die Wurzelnvon IRONworkX.Die Dienstleistung, vorwiegend im Medizintechnischen Bereich.Daneben bieten wir weitrhinindividuelle, oft nicht demMainstream folgende,Beratung und Verkauf &hellip; <\/p>\n<p class=\"link-more\"><a href=\"http:\/\/ironworkx.de\/?page_id=22\" class=\"more-link\"><span class=\"screen-reader-text\">\u201e\u00dcber Uns\u201c <\/span>weiterlesen<\/a><\/p>\n","protected":false},"author":1,"featured_media":0,"parent":0,"menu_order":0,"comment_status":"closed","ping_status":"closed","template":"","meta":{"footnotes":""},"class_list":["post-22","page","type-page","status-publish","hentry","entry"],"_links":{"self":[{"href":"http:\/\/ironworkx.de\/index.php?rest_route=\/wp\/v2\/pages\/22","targetHints":{"allow":["GET"]}}],"collection":[{"href":"http:\/\/ironworkx.de\/index.php?rest_route=\/wp\/v2\/pages"}],"about":[{"href":"http:\/\/ironworkx.de\/index.php?rest_route=\/wp\/v2\/types\/page"}],"author":[{"embeddable":true,"href":"http:\/\/ironworkx.de\/index.php?rest_route=\/wp\/v2\/users\/1"}],"replies":[{"embeddable":true,"href":"http:\/\/ironworkx.de\/index.php?rest_route=%2Fwp%2Fv2%2Fcomments&post=22"}],"version-history":[{"count":7,"href":"http:\/\/ironworkx.de\/index.php?rest_route=\/wp\/v2\/pages\/22\/revisions"}],"predecessor-version":[{"id":132,"href":"http:\/\/ironworkx.de\/index.php?rest_route=\/wp\/v2\/pages\/22\/revisions\/132"}],"wp:attachment":[{"href":"http:\/\/ironworkx.de\/index.php?rest_route=%2Fwp%2Fv2%2Fmedia&parent=22"}],"curies":[{"name":"wp","href":"https:\/\/api.w.org\/{rel}","templated":true}]}}