{"id":118,"date":"2024-10-27T06:17:44","date_gmt":"2024-10-27T06:17:44","guid":{"rendered":"http:\/\/ironworkx.de\/?page_id=118"},"modified":"2025-08-06T10:31:30","modified_gmt":"2025-08-06T10:31:30","slug":"shopride","status":"publish","type":"page","link":"http:\/\/ironworkx.de\/?page_id=118","title":{"rendered":"Quality Solutions"},"content":{"rendered":"\n<p><strong>Unser Hauptgesch\u00e4ft ist die Dienstleistung.<\/strong> Wir k\u00f6nnten die Seite jetzt ordentlich aufblasen und mit Medien spicken, m\u00f6chten wir aber nicht. Hier also in aller K\u00fcrze was wir anbieten, mehr Infos gerne in einem pers\u00f6nlichen Gespr\u00e4ch. <\/p>\n\n\n\n<p><strong>Prozessoptimierung und Digitalisierung<\/strong>. Wir helfen ihr Unternehmen wirtschaftlicher und ihre Mitarbeiter zufriedener zu machen. Hard- und Software richtig nutzen, abteilungs\u00fcbergreifend im Team arbeiten.<\/p>\n\n\n\n<p><strong>Perfusionsservice<\/strong> bei HIPEC und HITOC Therapien.<\/p>\n\n\n\n<p><strong>Sicherheitstechnische Kontrollen<\/strong> an Medizinprodukten.<\/p>\n\n\n\n<p>Sie brauchen Hilfe, wir helfen gerne und zuverl\u00e4ssig!<\/p>\n","protected":false},"excerpt":{"rendered":"<p>Unser Hauptgesch\u00e4ft ist die Dienstleistung. Wir k\u00f6nnten die Seite jetzt ordentlich aufblasen und mit Medien spicken, m\u00f6chten wir aber nicht. Hier also in aller K\u00fcrze was wir anbieten, mehr Infos gerne in einem pers\u00f6nlichen Gespr\u00e4ch. Prozessoptimierung und Digitalisierung. Wir helfen ihr Unternehmen wirtschaftlicher und ihre Mitarbeiter zufriedener zu machen. Hard- und Software richtig nutzen, abteilungs\u00fcbergreifend &hellip; <\/p>\n<p class=\"link-more\"><a href=\"http:\/\/ironworkx.de\/?page_id=118\" class=\"more-link\"><span class=\"screen-reader-text\">\u201eQuality Solutions\u201c <\/span>weiterlesen<\/a><\/p>\n","protected":false},"author":1,"featured_media":0,"parent":0,"menu_order":0,"comment_status":"closed","ping_status":"closed","template":"","meta":{"footnotes":""},"class_list":["post-118","page","type-page","status-publish","hentry","entry"],"_links":{"self":[{"href":"http:\/\/ironworkx.de\/index.php?rest_route=\/wp\/v2\/pages\/118","targetHints":{"allow":["GET"]}}],"collection":[{"href":"http:\/\/ironworkx.de\/index.php?rest_route=\/wp\/v2\/pages"}],"about":[{"href":"http:\/\/ironworkx.de\/index.php?rest_route=\/wp\/v2\/types\/page"}],"author":[{"embeddable":true,"href":"http:\/\/ironworkx.de\/index.php?rest_route=\/wp\/v2\/users\/1"}],"replies":[{"embeddable":true,"href":"http:\/\/ironworkx.de\/index.php?rest_route=%2Fwp%2Fv2%2Fcomments&post=118"}],"version-history":[{"count":13,"href":"http:\/\/ironworkx.de\/index.php?rest_route=\/wp\/v2\/pages\/118\/revisions"}],"predecessor-version":[{"id":144,"href":"http:\/\/ironworkx.de\/index.php?rest_route=\/wp\/v2\/pages\/118\/revisions\/144"}],"wp:attachment":[{"href":"http:\/\/ironworkx.de\/index.php?rest_route=%2Fwp%2Fv2%2Fmedia&parent=118"}],"curies":[{"name":"wp","href":"https:\/\/api.w.org\/{rel}","templated":true}]}}